{"id":7153,"date":"2025-12-15T21:04:15","date_gmt":"2025-12-15T21:04:15","guid":{"rendered":"https:\/\/autouniongranada.com\/?page_id=7153"},"modified":"2026-02-05T11:44:48","modified_gmt":"2026-02-05T11:44:48","slug":"politica-de-cookies","status":"publish","type":"page","link":"https:\/\/autouniongranada.com\/en\/politica-de-cookies\/","title":{"rendered":"Cookies policy"},"content":{"rendered":"<div data-elementor-type=\"wp-page\" data-elementor-id=\"7153\" class=\"elementor elementor-7153\" data-elementor-post-type=\"page\">\n\t\t\t\t<div class=\"elementor-element elementor-element-2f83c4c3 e-flex e-con-boxed e-con e-parent\" data-id=\"2f83c4c3\" data-element_type=\"container\" data-e-type=\"container\" data-settings=\"{&quot;background_background&quot;:&quot;classic&quot;}\">\n\t\t\t\t\t<div class=\"e-con-inner\">\n\t\t\t\t<div class=\"elementor-element elementor-element-1729a7cd elementor-widget elementor-widget-text-editor\" data-id=\"1729a7cd\" data-element_type=\"widget\" data-e-type=\"widget\" data-widget_type=\"text-editor.default\">\n\t\t\t\t\t\t\t\t\t<h1><span style=\"color: #ffffff;\">Cookies policy<\/span><\/h1>\n<p><span style=\"color: #ffffff;\">In compliance with the provisions of Article 22.2 of the Law on Information Society Services and Electronic Commerce (LSSI-CE) and in accordance with European Directive 2009\/136\/EC, Auto Union Hucars SL informs you that this website accepts the use of cookies.<\/span><\/p>\n<p><span style=\"color: #ffffff;\"><!-- \/wp:paragraph --><!-- wp:heading {\"level\":3} --><\/span><\/p>\n<h3 class=\"wp-block-heading\"><span style=\"color: #ffffff;\"><strong>I. What are Cookies?<\/strong><\/span><\/h3>\n<p><span style=\"color: #ffffff;\"><!-- \/wp:heading --><!-- wp:paragraph --><\/span><\/p>\n<p><span style=\"color: #ffffff;\">The website of\u00a0<em>Auto Union<\/em>, This website uses cookies and other similar files. Cookies are small data files that are sent to the user&#039;s computer, mobile phone, or other access device when they visit a website and that allow information to be obtained regarding their browsing or a code that uniquely identifies the user.<\/span><\/p>\n<p><span style=\"color: #ffffff;\"><!-- \/wp:paragraph --><!-- wp:heading {\"level\":3} --><\/span><\/p>\n<h3 class=\"wp-block-heading\"><span style=\"color: #ffffff;\"><strong>II. Types of Cookies and Purposes of Use<\/strong><\/span><\/h3>\n<p><span style=\"color: #ffffff;\"><!-- \/wp:heading --><!-- wp:paragraph --><\/span><\/p>\n<p><span style=\"color: #ffffff;\">Depending on the entity that manages the domain from which the cookies are sent and processes the data obtained, two types can be distinguished:\u00a0<strong>own cookies<\/strong>\u00a0y\u00a0<strong>third-party cookies<\/strong>.<\/span><\/p>\n<p><span style=\"color: #ffffff;\"><!-- \/wp:paragraph --><!-- wp:paragraph --><\/span><\/p>\n<p><span style=\"color: #ffffff;\">FIRST-PARTY COOKIES: Those created or managed by the website owner\u00a0<em>Auto Union<\/em>.<\/span><\/p>\n<p><span style=\"color: #ffffff;\"><!-- \/wp:paragraph --><!-- wp:paragraph --><\/span><\/p>\n<p><span style=\"color: #ffffff;\">THIRD-PARTY COOKIES: Those managed by providers of analytics, social media, personalization and advertising services unrelated to\u00a0<em>Auto Union<\/em>.<\/span><\/p>\n<p><span style=\"color: #ffffff;\"><!-- \/wp:paragraph --><!-- wp:paragraph --><\/span><\/p>\n<p><span style=\"color: #ffffff;\">There is also a second classification based on the length of time they remain stored in the client&#039;s browser, which can be\u00a0<strong>session cookies<\/strong>\u00a0o\u00a0<strong>persistent cookies<\/strong>.<\/span><\/p>\n<p><span style=\"color: #ffffff;\"><!-- \/wp:paragraph --><!-- wp:paragraph --><\/span><\/p>\n<p><span style=\"color: #ffffff;\">SESSION COOKIES: These cookies are designed to collect and store data while a user accesses a website. They are typically used to store information that is only needed to provide the service requested by the user on a single occasion.<\/span><\/p>\n<p><span style=\"color: #ffffff;\"><!-- \/wp:paragraph --><!-- wp:paragraph --><\/span><\/p>\n<p><span style=\"color: #ffffff;\">PERSISTENT COOKIES: These are a type of cookie in which the data remains stored on the terminal and can be accessed and processed for a period defined by the cookie owner, which can range from a few minutes to several years.<\/span><\/p>\n<p><span style=\"color: #ffffff;\"><!-- \/wp:paragraph --><!-- wp:paragraph --><\/span><\/p>\n<p><span style=\"color: #ffffff;\">Finally, there is another classification with five types of cookies according to the purpose for which the data obtained is processed:\u00a0<strong>technical cookies<\/strong>,\u00a0<strong>personalization cookies<\/strong>,\u00a0<strong>analytics cookies<\/strong>,\u00a0<strong>advertising cookies<\/strong>\u00a0y\u00a0<strong>behavioral advertising cookies<\/strong>. For more information on this subject, please consult\u00a0<a style=\"color: #ffffff;\" href=\"https:\/\/www.agpd.es\/portalwebAGPD\/canaldocumentacion\/publicaciones\/common\/Guias\/Guia_Cookies.pdf\" target=\"_blank\" rel=\"noreferrer noopener\">here<\/a>.<\/span><\/p>\n<p><span style=\"color: #ffffff;\"><!-- \/wp:paragraph --><!-- wp:heading {\"level\":3} --><\/span><\/p>\n<h3 class=\"wp-block-heading\"><span style=\"color: #ffffff;\"><strong>III. Cookies used on our website<\/strong><\/span><\/h3>\n<p><span style=\"color: #ffffff;\"><!-- \/wp:heading --><!-- wp:paragraph --><\/span><\/p>\n<p><span style=\"color: #ffffff;\">Our website uses storage, tracking, and retrieval cookies. A cookie is a file that is downloaded to the user&#039;s computer\/smartphone\/tablet when accessing certain web pages to store and retrieve information about browsing activity from that device. To learn more about cookies,\u00a0<em>Auto Union<\/em>\u00a0We invite you to access the following link:\u00a0<a style=\"color: #ffffff;\" href=\"https:\/\/www.iabspain.net\/privacidadeninternet\/usuario\" target=\"_blank\" rel=\"noreferrer noopener\">Internet Privacy<\/a><\/span><\/p>\n<p><span style=\"color: #ffffff;\"><!-- \/wp:paragraph --><!-- wp:heading {\"level\":3} --><\/span><\/p>\n<h3 class=\"wp-block-heading\"><span style=\"color: #ffffff;\"><strong>IV. Acceptance of the Cookie Policy<\/strong><\/span><\/h3>\n<p><span style=\"color: #ffffff;\"><!-- \/wp:heading --><!-- wp:paragraph --><\/span><\/p>\n<p><span style=\"color: #ffffff;\"><em>Auto Union\u00a0<\/em>It is assumed that you accept the use of cookies. However, information about our Cookie Policy is displayed at the bottom of every page of the portal upon each login so that you are aware of it. Based on this information, you can take the following actions:<\/span><\/p>\n<p><span style=\"color: #ffffff;\"><!-- \/wp:paragraph --><!-- wp:list --><\/span><\/p>\n<ul class=\"wp-block-list\"><!-- wp:list-item -->\n<li><span style=\"color: #ffffff;\"><strong>Accept cookies<\/strong>. This notice will not be displayed again when accessing any page of the portal during this session.<\/span><\/li>\n<!-- \/wp:list-item --><!-- wp:list-item -->\n<li><span style=\"color: #ffffff;\"><strong>Close<\/strong>. The notice is hidden on this page.<\/span><\/li>\n<!-- \/wp:list-item --><!-- wp:list-item -->\n<li><span style=\"color: #ffffff;\"><strong>Modify your settings<\/strong>. You can find out more about what cookies are and read the Cookie Policy of\u00a0<em>Auto Union<\/em>\u00a0and modify your browser settings.<\/span><\/li>\n<!-- \/wp:list-item --><\/ul>\n<p><span style=\"color: #ffffff;\"><!-- \/wp:list --><!-- wp:heading {\"level\":3} --><\/span><\/p>\n<h3 class=\"wp-block-heading\"><span style=\"color: #ffffff;\"><strong>V. Deactivating or deleting cookies<\/strong><\/span><\/h3>\n<p><span style=\"color: #ffffff;\"><!-- \/wp:heading --><!-- wp:paragraph --><\/span><\/p>\n<p><span style=\"color: #ffffff;\">Most web browsers allow users to manage their cookie preferences at any time. Users can configure their browser to reject cookies or delete specific cookies as they see fit.<\/span><\/p>\n<p><span style=\"color: #ffffff;\"><!-- \/wp:paragraph --><!-- wp:paragraph --><\/span><\/p>\n<p><span style=\"color: #ffffff;\">To configure Cookies, the User can access:<\/span><\/p>\n<p><span style=\"color: #ffffff;\"><!-- \/wp:paragraph --><!-- wp:paragraph --><\/span><\/p>\n<p><span style=\"color: #ffffff;\"><strong>Google Chrome<\/strong>Tools \u2192 Settings \u2192 Show advanced settings \u2192 Content settings \u2192 Cookies \u2192 Block third-party cookies and site data.<\/span><\/p>\n<p><span style=\"color: #ffffff;\"><!-- \/wp:paragraph --><!-- wp:paragraph --><\/span><\/p>\n<p><span style=\"color: #ffffff;\"><strong>Mozilla Firefox<\/strong>: Tools \u2192 Options \u2192 Privacy \u2192 History \u2192 Use custom settings for history (uncheck all boxes).<\/span><\/p>\n<p><span style=\"color: #ffffff;\"><!-- \/wp:paragraph --><!-- wp:paragraph --><\/span><\/p>\n<p><span style=\"color: #ffffff;\"><strong>Internet Explorer<\/strong>: Tools \u2192 Internet Options \u2192 Privacy \u2192 Settings for the Internet zone (move the slider up to Block all cookies).<\/span><\/p>\n<p><span style=\"color: #ffffff;\"><!-- \/wp:paragraph --><!-- wp:paragraph --><\/span><\/p>\n<p><span style=\"color: #ffffff;\"><strong>Safari<\/strong>: Edit \u2192 Preferences \u2192 Privacy \u2192 Block cookies (select \u201calways\u201d).<\/span><\/p>\n<p><span style=\"color: #ffffff;\"><!-- \/wp:paragraph --><!-- wp:paragraph --><\/span><\/p>\n<p><span style=\"color: #ffffff;\"><strong>Opera 19<\/strong>: Menu \u2192 Settings \u2192 Privacy and security \u2192 Cookies section (select Block third-party cookies and site data).<\/span><\/p>\n<p><span style=\"color: #ffffff;\"><!-- \/wp:paragraph --><!-- wp:paragraph --><\/span><\/p>\n<p><span style=\"color: #ffffff;\">The User can revoke their consent for the use of cookies in their browser through the above instructions.<\/span><\/p>\n<p><span style=\"color: #ffffff;\"><!-- \/wp:paragraph --><!-- wp:paragraph --><\/span><\/p>\n<p><span style=\"color: #ffffff;\">Users should be aware that some features of the content on the autounionhucars.com website are only available if cookies are enabled in their browser. Choosing not to accept or blocking certain cookies (depending on their purpose) may affect, in whole or in part, the normal operation of the website or prevent access to some of its services.<\/span><\/p>\n<p><span style=\"color: #ffffff;\"><!-- \/wp:paragraph --><!-- wp:heading {\"level\":3} --><\/span><\/p>\n<h3 class=\"wp-block-heading\"><span style=\"color: #ffffff;\"><strong>VI. Updates and changes to the Cookie Policy<\/strong><\/span><\/h3>\n<p><span style=\"color: #ffffff;\"><!-- \/wp:heading --><!-- wp:paragraph --><\/span><\/p>\n<p><span style=\"color: #ffffff;\"><em>Auto Union<\/em>\u00a0This Cookie Policy may be modified in accordance with new legislative or regulatory requirements, or to adapt the policy to instructions issued by the Spanish Data Protection Agency.<\/span><\/p>\n<p><span style=\"color: #ffffff;\"><!-- \/wp:paragraph --><!-- wp:paragraph --><\/span><\/p>\n<p><span style=\"color: #ffffff;\">When significant changes are made to this Cookie Policy, the user will be notified through an informational notice on the website.<\/span><\/p>\n<p><span style=\"color: #ffffff;\"><!-- \/wp:paragraph --><!-- wp:paragraph --><\/span><\/p>\n<p><span style=\"color: #ffffff;\"><em>Auto Union<\/em>\u00a0is not responsible for the content and accuracy of the privacy policies of third parties included in this cookie policy.<\/span><\/p>\n<p><span style=\"color: #ffffff;\"><!-- \/wp:paragraph --><!-- wp:paragraph --><\/span><\/p>\n<p><span style=\"color: #ffffff;\">If you have any questions about this cookie policy, you can contact us at:\u00a0<a style=\"color: #ffffff;\" href=\"mailto:autounionhucars@gmail.com\">autounionhucars@gmail.com<\/a><\/span><\/p>\n<!-- \/wp:paragraph -->\t\t\t\t\t\t\t\t<\/div>\n\t\t\t\t\t<\/div>\n\t\t\t\t<\/div>\n\t\t\t\t<\/div>","protected":false},"excerpt":{"rendered":"<p>Pol\u00edtica de cookies En cumplimiento con lo establecido en el art\u00edculo 22.2 de la Ley de Servicios de la Sociedad de la Informaci\u00f3n y del Comercio Electr\u00f3nico (LSSI-CE) y en adecuaci\u00f3n con la Directiva Europea 2009\/136\/CE, Auto Union Hucars S.L. le informa que este sitio Web acepta el uso de cookies. I. \u00bfQu\u00e9 son las [&hellip;]<\/p>\n","protected":false},"author":1,"featured_media":8016,"parent":0,"menu_order":0,"comment_status":"closed","ping_status":"closed","template":"","meta":{"_joinchat":[],"footnotes":""},"class_list":["post-7153","page","type-page","status-publish","has-post-thumbnail","hentry"],"aioseo_notices":[],"_hostinger_reach_plugin_has_subscription_block":false,"_hostinger_reach_plugin_is_elementor":false,"_links":{"self":[{"href":"https:\/\/autouniongranada.com\/en\/wp-json\/wp\/v2\/pages\/7153","targetHints":{"allow":["GET"]}}],"collection":[{"href":"https:\/\/autouniongranada.com\/en\/wp-json\/wp\/v2\/pages"}],"about":[{"href":"https:\/\/autouniongranada.com\/en\/wp-json\/wp\/v2\/types\/page"}],"author":[{"embeddable":true,"href":"https:\/\/autouniongranada.com\/en\/wp-json\/wp\/v2\/users\/1"}],"replies":[{"embeddable":true,"href":"https:\/\/autouniongranada.com\/en\/wp-json\/wp\/v2\/comments?post=7153"}],"version-history":[{"count":12,"href":"https:\/\/autouniongranada.com\/en\/wp-json\/wp\/v2\/pages\/7153\/revisions"}],"predecessor-version":[{"id":8878,"href":"https:\/\/autouniongranada.com\/en\/wp-json\/wp\/v2\/pages\/7153\/revisions\/8878"}],"wp:featuredmedia":[{"embeddable":true,"href":"https:\/\/autouniongranada.com\/en\/wp-json\/wp\/v2\/media\/8016"}],"wp:attachment":[{"href":"https:\/\/autouniongranada.com\/en\/wp-json\/wp\/v2\/media?parent=7153"}],"curies":[{"name":"wp","href":"https:\/\/api.w.org\/{rel}","templated":true}]}}