{"id":51,"date":"2023-09-19T04:40:21","date_gmt":"2023-09-19T04:40:21","guid":{"rendered":"https:\/\/demoapus1.com\/boxcar\/?page_id=51"},"modified":"2026-02-05T11:46:51","modified_gmt":"2026-02-05T11:46:51","slug":"politica-de-privacidad","status":"publish","type":"page","link":"https:\/\/autouniongranada.com\/en\/politica-de-privacidad\/","title":{"rendered":"Privacy Policy"},"content":{"rendered":"<div data-elementor-type=\"wp-page\" data-elementor-id=\"51\" class=\"elementor elementor-51\" data-elementor-post-type=\"page\">\n\t\t\t\t<div class=\"elementor-element elementor-element-228ac86 e-con-full e-flex e-con e-parent\" data-id=\"228ac86\" data-element_type=\"container\" data-e-type=\"container\" data-settings=\"{&quot;background_background&quot;:&quot;classic&quot;}\">\n\t\t<div class=\"elementor-element elementor-element-5b4bab4 e-con-full e-flex e-con e-child\" data-id=\"5b4bab4\" data-element_type=\"container\" data-e-type=\"container\" data-settings=\"{&quot;background_background&quot;:&quot;classic&quot;}\">\n\t\t\t\t<\/div>\n\t\t\t\t<\/div>\n\t\t<div class=\"elementor-element elementor-element-dca86d3 e-flex e-con-boxed elementor-invisible e-con e-parent\" data-id=\"dca86d3\" data-element_type=\"container\" data-e-type=\"container\" data-settings=\"{&quot;animation&quot;:&quot;slide-up&quot;,&quot;background_background&quot;:&quot;classic&quot;}\">\n\t\t\t\t\t<div class=\"e-con-inner\">\n\t\t<div class=\"elementor-element elementor-element-9288ece e-con-full e-flex e-con e-child\" data-id=\"9288ece\" data-element_type=\"container\" data-e-type=\"container\">\n\t\t\t\t<div class=\"elementor-element elementor-element-6681906 elementor-widget elementor-widget-heading\" data-id=\"6681906\" data-element_type=\"widget\" data-e-type=\"widget\" data-widget_type=\"heading.default\">\n\t\t\t\t\t<h2 class=\"elementor-heading-title elementor-size-default\">Privacy Policy<\/h2>\t\t\t\t<\/div>\n\t\t\t\t<div class=\"elementor-element elementor-element-cb1fd27 elementor-widget elementor-widget-text-editor\" data-id=\"cb1fd27\" data-element_type=\"widget\" data-e-type=\"widget\" data-widget_type=\"text-editor.default\">\n\t\t\t\t\t\t\t\t\t<h3><span style=\"color: #ffffff;\">I.- Privacy policy and protection of personal data.<\/span><\/h3><p><span style=\"color: #ffffff;\">In compliance with Regulation (EU) 2016\/679 of the European Parliament and of the Council of 27 April 2016 on the protection of natural persons with regard to the processing of personal data and on the free movement of such data and repealing Directive 95\/46\/EC (General Data Protection Regulation) and in accordance with Organic Law 3\/2018 of 5 December on the Protection of Personal Data and Guarantee of Digital Rights, Auto Union Hucars SL informs users of this website through this document about the use and processing of personal data that they provide or will provide during their browsing and about the data protection policy that will be applied to said data.<\/span><\/p><h3><span style=\"color: #ffffff;\">II. Methods through which personal data is collected. Purposes of processing.<\/span><\/h3><p><span style=\"color: #ffffff;\">Contact form and traditional means of communication. The personal data collected will be stored and incorporated into processing activities for which Auto Union Hucars SL is responsible.<\/span><\/p><p><span style=\"color: #ffffff;\">You may also provide us with your data by telephone, email, and other means of communication indicated in the relevant sections. The purpose of processing this data is to manage the information received through website forms, including responding to user requests, adding you to our contact list, answering questions, and sending electronic communications through the designated areas. We will process this data automatically for the administration, expansion, and improvement of our business, as well as for technical and commercial purposes related to the services offered. In any case, only the basic data necessary for the aforementioned purposes is collected and processed. The user is responsible for the accuracy of their data and agrees not to enter false information and to correct it if necessary. Auto Union Hucars SL provides users with all the necessary means to modify their data through the designated forms on our website. Users declare that when they enter data belonging to a third party, they are authorized by that third party to do so. Auto Union Hucars SL will be exempt from liability if a request for a sample or data correction is made from the email address you provided through any of the website forms, as in that case it will be presumed that the request is being made by the user. Fields marked with an asterisk (*) are mandatory. Failure to complete these fields will prevent you from submitting your information request. The data collected or generated will be processed, stored, and incorporated into databases for which Auto Union Hucars SL, with its registered address at Av. Ja\u00e9n, 19, 18210 Peligros, Granada, is responsible.<\/span><\/p><p><span style=\"color: #ffffff;\">By submitting this information through the contact form, the user expressly authorizes Auto Union Hucars SL to process their personal data, to the extent necessary for the fulfillment and maintenance of the existing relationship, if any, between the parties.<\/span><\/p><p><span style=\"color: #ffffff;\">In the event that data is processed by foreign entities outside the European Economic Area, international data transfers will be covered by the European General Data Protection Regulation or, where applicable, by the EU-US Privacy Shield Agreement.<\/span><\/p><p><span style=\"color: #ffffff;\">Given the nature of this website, by completing and submitting the requested information, you expressly consent to being contacted and receiving information about activities related to Auto Union Hucars SL and third parties with whom it establishes collaborative relationships, by any means, including electronic means. You authorize us to send you information that best suits your specific needs. These communications may continue even after the termination of your contractual relationship with Auto Union Hucars SL, unless you have objected to this processing through the available channels.<\/span><\/p><h3><span style=\"color: #ffffff;\">III. Exercise of Data Protection Rights<\/span><\/h3><p><span style=\"color: #ffffff;\">Users have the right to request and obtain, free of charge, information about their personal data being processed, its origin (which in our case will always be the forms located on the website), and any communications that may affect it. Users may send a written request to our Data Protection Officer at the registered office of Auto Union Hucars SL or to the email address autounionhucars@gmail.com, including in both cases a photocopy of their national identity document or other similar identification document, to request the exercise of their rights of access, rectification, erasure, right to be forgotten, data portability, restriction of processing, cancellation, and objection. They may also file a complaint directly with the Spanish Data Protection Agency.<\/span><\/p><h3><span style=\"color: #ffffff;\">IV. User consent and revocation for informational purposes<\/span><\/h3><p><span style=\"color: #ffffff;\">By checking the box, the user expressly accepts our privacy policy and we obtain their explicit consent to send informational communications about our services, other initiatives and activities, as well as to answer queries made by the user.<\/span><\/p><p><span style=\"color: #ffffff;\">Likewise, you may at any time revoke the consent given for such purposes, by sending an email to the postal or mail address indicated with the subject UNSUBSCRIBE, under the terms defined by our website.<\/span><\/p>\t\t\t\t\t\t\t\t<\/div>\n\t\t\t\t<\/div>\n\t\t\t\t\t<\/div>\n\t\t\t\t<\/div>\n\t\t\t\t<\/div>","protected":false},"excerpt":{"rendered":"<p>Pol\u00edtica de Privacidad I.- Pol\u00edtica de privacidad y protecci\u00f3n de datos personales. En el marco del cumplimiento de lo dispuesto en el Reglamento (UE) 2016\/679 del Parlamento Europeo y del Consejo, de 27 de abril de 2016, relativo a la protecci\u00f3n de las personas f\u00edsicas en lo que respecta al tratamiento de datos personales y [&hellip;]<\/p>\n","protected":false},"author":1,"featured_media":0,"parent":0,"menu_order":0,"comment_status":"closed","ping_status":"closed","template":"","meta":{"_joinchat":[],"footnotes":""},"class_list":["post-51","page","type-page","status-publish","hentry"],"aioseo_notices":[],"_hostinger_reach_plugin_has_subscription_block":false,"_hostinger_reach_plugin_is_elementor":false,"_links":{"self":[{"href":"https:\/\/autouniongranada.com\/en\/wp-json\/wp\/v2\/pages\/51","targetHints":{"allow":["GET"]}}],"collection":[{"href":"https:\/\/autouniongranada.com\/en\/wp-json\/wp\/v2\/pages"}],"about":[{"href":"https:\/\/autouniongranada.com\/en\/wp-json\/wp\/v2\/types\/page"}],"author":[{"embeddable":true,"href":"https:\/\/autouniongranada.com\/en\/wp-json\/wp\/v2\/users\/1"}],"replies":[{"embeddable":true,"href":"https:\/\/autouniongranada.com\/en\/wp-json\/wp\/v2\/comments?post=51"}],"version-history":[{"count":7,"href":"https:\/\/autouniongranada.com\/en\/wp-json\/wp\/v2\/pages\/51\/revisions"}],"predecessor-version":[{"id":8881,"href":"https:\/\/autouniongranada.com\/en\/wp-json\/wp\/v2\/pages\/51\/revisions\/8881"}],"wp:attachment":[{"href":"https:\/\/autouniongranada.com\/en\/wp-json\/wp\/v2\/media?parent=51"}],"curies":[{"name":"wp","href":"https:\/\/api.w.org\/{rel}","templated":true}]}}